{"id":146,"date":"2025-04-08T19:24:04","date_gmt":"2025-04-08T17:24:04","guid":{"rendered":"http:\/\/135.181.107.179\/?page_id=146"},"modified":"2025-06-24T20:12:54","modified_gmt":"2025-06-24T18:12:54","slug":"contact","status":"publish","type":"page","link":"https:\/\/ordylan.fr\/index.php\/contact\/","title":{"rendered":"CONTACT"},"content":{"rendered":"\t\t<div data-elementor-type=\"wp-page\" data-elementor-id=\"146\" class=\"elementor elementor-146\">\n\t\t\t\t<div class=\"elementor-element elementor-element-5eb6ac9 e-flex e-con-boxed e-con e-parent\" data-id=\"5eb6ac9\" data-element_type=\"container\" data-e-type=\"container\">\n\t\t\t\t\t<div class=\"e-con-inner\">\n\t\t\t\t<div class=\"elementor-element elementor-element-14e25ff elementor-widget elementor-widget-heading\" data-id=\"14e25ff\" data-element_type=\"widget\" data-e-type=\"widget\" data-widget_type=\"heading.default\">\n\t\t\t\t<div class=\"elementor-widget-container\">\n\t\t\t\t\t<h2 class=\"elementor-heading-title elementor-size-default\">CONTACT<\/h2>\t\t\t\t<\/div>\n\t\t\t\t<\/div>\n\t\t\t\t<div class=\"elementor-element elementor-element-82cabf6 elementor-widget elementor-widget-text-editor\" data-id=\"82cabf6\" data-element_type=\"widget\" data-e-type=\"widget\" data-widget_type=\"text-editor.default\">\n\t\t\t\t<div class=\"elementor-widget-container\">\n\t\t\t\t\t\t\t\t\t<p>N&rsquo;h\u00e9sitez pas \u00e0 me contacter soit par t\u00e9l\u00e9phone, par SMS ou par mail.<\/p>\t\t\t\t\t\t\t\t<\/div>\n\t\t\t\t<\/div>\n\t\t\t\t<div class=\"elementor-element elementor-element-67d1c45 elementor-align-center elementor-icon-list--layout-traditional elementor-list-item-link-full_width elementor-widget elementor-widget-icon-list\" data-id=\"67d1c45\" data-element_type=\"widget\" data-e-type=\"widget\" data-widget_type=\"icon-list.default\">\n\t\t\t\t<div class=\"elementor-widget-container\">\n\t\t\t\t\t\t\t<ul class=\"elementor-icon-list-items\">\n\t\t\t\t\t\t\t<li class=\"elementor-icon-list-item\">\n\t\t\t\t\t\t\t\t\t\t\t<span class=\"elementor-icon-list-icon\">\n\t\t\t\t\t\t\t<svg aria-hidden=\"true\" class=\"e-font-icon-svg e-fas-phone-alt\" viewBox=\"0 0 512 512\" xmlns=\"http:\/\/www.w3.org\/2000\/svg\"><path d=\"M497.39 361.8l-112-48a24 24 0 0 0-28 6.9l-49.6 60.6A370.66 370.66 0 0 1 130.6 204.11l60.6-49.6a23.94 23.94 0 0 0 6.9-28l-48-112A24.16 24.16 0 0 0 122.6.61l-104 24A24 24 0 0 0 0 48c0 256.5 207.9 464 464 464a24 24 0 0 0 23.4-18.6l24-104a24.29 24.29 0 0 0-14.01-27.6z\"><\/path><\/svg>\t\t\t\t\t\t<\/span>\n\t\t\t\t\t\t\t\t\t\t<span class=\"elementor-icon-list-text\">07 63 33 55 96<\/span>\n\t\t\t\t\t\t\t\t\t<\/li>\n\t\t\t\t\t\t\t\t<li class=\"elementor-icon-list-item\">\n\t\t\t\t\t\t\t\t\t\t\t<span class=\"elementor-icon-list-icon\">\n\t\t\t\t\t\t\t<svg aria-hidden=\"true\" class=\"e-font-icon-svg e-fas-envelope\" viewBox=\"0 0 512 512\" xmlns=\"http:\/\/www.w3.org\/2000\/svg\"><path d=\"M502.3 190.8c3.9-3.1 9.7-.2 9.7 4.7V400c0 26.5-21.5 48-48 48H48c-26.5 0-48-21.5-48-48V195.6c0-5 5.7-7.8 9.7-4.7 22.4 17.4 52.1 39.5 154.1 113.6 21.1 15.4 56.7 47.8 92.2 47.6 35.7.3 72-32.8 92.3-47.6 102-74.1 131.6-96.3 154-113.7zM256 320c23.2.4 56.6-29.2 73.4-41.4 132.7-96.3 142.8-104.7 173.4-128.7 5.8-4.5 9.2-11.5 9.2-18.9v-19c0-26.5-21.5-48-48-48H48C21.5 64 0 85.5 0 112v19c0 7.4 3.4 14.3 9.2 18.9 30.6 23.9 40.7 32.4 173.4 128.7 16.8 12.2 50.2 41.8 73.4 41.4z\"><\/path><\/svg>\t\t\t\t\t\t<\/span>\n\t\t\t\t\t\t\t\t\t\t<span class=\"elementor-icon-list-text\">ordylan.info@gmail.com<\/span>\n\t\t\t\t\t\t\t\t\t<\/li>\n\t\t\t\t\t\t\t\t<li class=\"elementor-icon-list-item\">\n\t\t\t\t\t\t\t\t\t\t\t<span class=\"elementor-icon-list-icon\">\n\t\t\t\t\t\t\t<svg aria-hidden=\"true\" class=\"e-font-icon-svg e-far-clock\" viewBox=\"0 0 512 512\" xmlns=\"http:\/\/www.w3.org\/2000\/svg\"><path d=\"M256 8C119 8 8 119 8 256s111 248 248 248 248-111 248-248S393 8 256 8zm0 448c-110.5 0-200-89.5-200-200S145.5 56 256 56s200 89.5 200 200-89.5 200-200 200zm61.8-104.4l-84.9-61.7c-3.1-2.3-4.9-5.9-4.9-9.7V116c0-6.6 5.4-12 12-12h32c6.6 0 12 5.4 12 12v141.7l66.8 48.6c5.4 3.9 6.5 11.4 2.6 16.8L334.6 349c-3.9 5.3-11.4 6.5-16.8 2.6z\"><\/path><\/svg>\t\t\t\t\t\t<\/span>\n\t\t\t\t\t\t\t\t\t\t<span class=\"elementor-icon-list-text\">Ouvert du lundi au vendredi 8h - 19h<\/span>\n\t\t\t\t\t\t\t\t\t<\/li>\n\t\t\t\t\t\t<\/ul>\n\t\t\t\t\t\t<\/div>\n\t\t\t\t<\/div>\n\t\t\t\t<div class=\"elementor-element elementor-element-0b5ad47 elementor-widget elementor-widget-image\" data-id=\"0b5ad47\" data-element_type=\"widget\" data-e-type=\"widget\" data-widget_type=\"image.default\">\n\t\t\t\t<div class=\"elementor-widget-container\">\n\t\t\t\t\t\t\t\t\t\t\t\t\t\t\t<img fetchpriority=\"high\" decoding=\"async\" width=\"600\" height=\"600\" src=\"https:\/\/ordylan.fr\/wp-content\/uploads\/2025\/04\/michal-biernat-h0xEUQXzU38-unsplash-600x600.jpg\" class=\"attachment-ocean-thumb-m size-ocean-thumb-m wp-image-365\" alt=\"\" srcset=\"https:\/\/ordylan.fr\/wp-content\/uploads\/2025\/04\/michal-biernat-h0xEUQXzU38-unsplash-600x600.jpg 600w, https:\/\/ordylan.fr\/wp-content\/uploads\/2025\/04\/michal-biernat-h0xEUQXzU38-unsplash-150x150.jpg 150w\" sizes=\"(max-width: 600px) 100vw, 600px\" \/>\t\t\t\t\t\t\t\t\t\t\t\t\t\t\t<\/div>\n\t\t\t\t<\/div>\n\t\t\t\t\t<\/div>\n\t\t\t\t<\/div>\n\t\t<div class=\"elementor-element elementor-element-8fb1446 e-flex e-con-boxed e-con e-parent\" data-id=\"8fb1446\" data-element_type=\"container\" data-e-type=\"container\">\n\t\t\t\t\t<div class=\"e-con-inner\">\n\t\t\t\t\t<\/div>\n\t\t\t\t<\/div>\n\t\t\t\t<\/div>\n\t\t","protected":false},"excerpt":{"rendered":"<p>CONTACT N&rsquo;h\u00e9sitez pas \u00e0 me contacter soit par t\u00e9l\u00e9phone, par SMS ou par mail. 07 63 33 55 96 ordylan.info@gmail.com Ouvert du lundi au vendredi 8h &#8211; 19h<\/p>\n","protected":false},"author":1,"featured_media":0,"parent":0,"menu_order":0,"comment_status":"closed","ping_status":"closed","template":"","meta":{"ocean_post_layout":"","ocean_both_sidebars_style":"","ocean_both_sidebars_content_width":0,"ocean_both_sidebars_sidebars_width":0,"ocean_sidebar":"","ocean_second_sidebar":"","ocean_disable_margins":"enable","ocean_add_body_class":"","ocean_shortcode_before_top_bar":"","ocean_shortcode_after_top_bar":"","ocean_shortcode_before_header":"","ocean_shortcode_after_header":"","ocean_has_shortcode":"","ocean_shortcode_after_title":"","ocean_shortcode_before_footer_widgets":"","ocean_shortcode_after_footer_widgets":"","ocean_shortcode_before_footer_bottom":"","ocean_shortcode_after_footer_bottom":"","ocean_display_top_bar":"default","ocean_display_header":"default","ocean_header_style":"","ocean_center_header_left_menu":"","ocean_custom_header_template":"","ocean_custom_logo":0,"ocean_custom_retina_logo":0,"ocean_custom_logo_max_width":0,"ocean_custom_logo_tablet_max_width":0,"ocean_custom_logo_mobile_max_width":0,"ocean_custom_logo_max_height":0,"ocean_custom_logo_tablet_max_height":0,"ocean_custom_logo_mobile_max_height":0,"ocean_header_custom_menu":"","ocean_menu_typo_font_family":"","ocean_menu_typo_font_subset":"","ocean_menu_typo_font_size":0,"ocean_menu_typo_font_size_tablet":0,"ocean_menu_typo_font_size_mobile":0,"ocean_menu_typo_font_size_unit":"px","ocean_menu_typo_font_weight":"","ocean_menu_typo_font_weight_tablet":"","ocean_menu_typo_font_weight_mobile":"","ocean_menu_typo_transform":"","ocean_menu_typo_transform_tablet":"","ocean_menu_typo_transform_mobile":"","ocean_menu_typo_line_height":0,"ocean_menu_typo_line_height_tablet":0,"ocean_menu_typo_line_height_mobile":0,"ocean_menu_typo_line_height_unit":"","ocean_menu_typo_spacing":0,"ocean_menu_typo_spacing_tablet":0,"ocean_menu_typo_spacing_mobile":0,"ocean_menu_typo_spacing_unit":"","ocean_menu_link_color":"","ocean_menu_link_color_hover":"","ocean_menu_link_color_active":"","ocean_menu_link_background":"","ocean_menu_link_hover_background":"","ocean_menu_link_active_background":"","ocean_menu_social_links_bg":"","ocean_menu_social_hover_links_bg":"","ocean_menu_social_links_color":"","ocean_menu_social_hover_links_color":"","ocean_disable_title":"default","ocean_disable_heading":"default","ocean_post_title":"","ocean_post_subheading":"","ocean_post_title_style":"","ocean_post_title_background_color":"","ocean_post_title_background":0,"ocean_post_title_bg_image_position":"","ocean_post_title_bg_image_attachment":"","ocean_post_title_bg_image_repeat":"","ocean_post_title_bg_image_size":"","ocean_post_title_height":0,"ocean_post_title_bg_overlay":0.5,"ocean_post_title_bg_overlay_color":"","ocean_disable_breadcrumbs":"default","ocean_breadcrumbs_color":"","ocean_breadcrumbs_separator_color":"","ocean_breadcrumbs_links_color":"","ocean_breadcrumbs_links_hover_color":"","ocean_display_footer_widgets":"default","ocean_display_footer_bottom":"default","ocean_custom_footer_template":"","footnotes":""},"class_list":["post-146","page","type-page","status-publish","hentry","entry"],"yoast_head":"<!-- This site is optimized with the Yoast SEO plugin v27.3 - https:\/\/yoast.com\/product\/yoast-seo-wordpress\/ -->\n<title>CONTACT - ORDYLAN<\/title>\n<meta name=\"description\" content=\"D\u00e9pannage, r\u00e9paration et vente de mat\u00e9riel informatique. T\u00e9l\u00e9phone, sms : 07 63 33 55 96 Mail : ordylan.info@gmail.com Ouvert du lundi au vendredi 8h - 19h\" \/>\n<meta name=\"robots\" content=\"index, follow, max-snippet:-1, max-image-preview:large, max-video-preview:-1\" \/>\n<link rel=\"canonical\" href=\"https:\/\/ordylan.fr\/index.php\/contact\/\" \/>\n<meta property=\"og:locale\" content=\"fr_FR\" \/>\n<meta property=\"og:type\" content=\"article\" \/>\n<meta property=\"og:title\" content=\"CONTACT - ORDYLAN\" \/>\n<meta property=\"og:description\" content=\"D\u00e9pannage, r\u00e9paration et vente de mat\u00e9riel informatique. T\u00e9l\u00e9phone, sms : 07 63 33 55 96 Mail : ordylan.info@gmail.com Ouvert du lundi au vendredi 8h - 19h\" \/>\n<meta property=\"og:url\" content=\"https:\/\/ordylan.fr\/index.php\/contact\/\" \/>\n<meta property=\"og:site_name\" content=\"ORDYLAN\" \/>\n<meta property=\"article:modified_time\" content=\"2025-06-24T18:12:54+00:00\" \/>\n<meta property=\"og:image\" content=\"https:\/\/ordylan.fr\/wp-content\/uploads\/2025\/04\/michal-biernat-h0xEUQXzU38-unsplash-scaled.jpg\" \/>\n\t<meta property=\"og:image:width\" content=\"1707\" \/>\n\t<meta property=\"og:image:height\" content=\"2560\" \/>\n\t<meta property=\"og:image:type\" content=\"image\/jpeg\" \/>\n<meta name=\"twitter:card\" content=\"summary_large_image\" \/>\n<meta name=\"twitter:label1\" content=\"Dur\u00e9e de lecture estim\u00e9e\" \/>\n\t<meta name=\"twitter:data1\" content=\"1 minute\" \/>\n<script type=\"application\/ld+json\" class=\"yoast-schema-graph\">{\"@context\":\"https:\\\/\\\/schema.org\",\"@graph\":[{\"@type\":\"WebPage\",\"@id\":\"https:\\\/\\\/ordylan.fr\\\/index.php\\\/contact\\\/\",\"url\":\"https:\\\/\\\/ordylan.fr\\\/index.php\\\/contact\\\/\",\"name\":\"CONTACT - ORDYLAN\",\"isPartOf\":{\"@id\":\"https:\\\/\\\/ordylan.fr\\\/#website\"},\"primaryImageOfPage\":{\"@id\":\"https:\\\/\\\/ordylan.fr\\\/index.php\\\/contact\\\/#primaryimage\"},\"image\":{\"@id\":\"https:\\\/\\\/ordylan.fr\\\/index.php\\\/contact\\\/#primaryimage\"},\"thumbnailUrl\":\"https:\\\/\\\/ordylan.fr\\\/wp-content\\\/uploads\\\/2025\\\/04\\\/michal-biernat-h0xEUQXzU38-unsplash-600x600.jpg\",\"datePublished\":\"2025-04-08T17:24:04+00:00\",\"dateModified\":\"2025-06-24T18:12:54+00:00\",\"description\":\"D\u00e9pannage, r\u00e9paration et vente de mat\u00e9riel informatique. T\u00e9l\u00e9phone, sms : 07 63 33 55 96 Mail : ordylan.info@gmail.com Ouvert du lundi au vendredi 8h - 19h\",\"breadcrumb\":{\"@id\":\"https:\\\/\\\/ordylan.fr\\\/index.php\\\/contact\\\/#breadcrumb\"},\"inLanguage\":\"fr-FR\",\"potentialAction\":[{\"@type\":\"ReadAction\",\"target\":[\"https:\\\/\\\/ordylan.fr\\\/index.php\\\/contact\\\/\"]}]},{\"@type\":\"ImageObject\",\"inLanguage\":\"fr-FR\",\"@id\":\"https:\\\/\\\/ordylan.fr\\\/index.php\\\/contact\\\/#primaryimage\",\"url\":\"https:\\\/\\\/ordylan.fr\\\/wp-content\\\/uploads\\\/2025\\\/04\\\/michal-biernat-h0xEUQXzU38-unsplash-scaled.jpg\",\"contentUrl\":\"https:\\\/\\\/ordylan.fr\\\/wp-content\\\/uploads\\\/2025\\\/04\\\/michal-biernat-h0xEUQXzU38-unsplash-scaled.jpg\",\"width\":1707,\"height\":2560},{\"@type\":\"BreadcrumbList\",\"@id\":\"https:\\\/\\\/ordylan.fr\\\/index.php\\\/contact\\\/#breadcrumb\",\"itemListElement\":[{\"@type\":\"ListItem\",\"position\":1,\"name\":\"Accueil\",\"item\":\"https:\\\/\\\/ordylan.fr\\\/\"},{\"@type\":\"ListItem\",\"position\":2,\"name\":\"CONTACT\"}]},{\"@type\":\"WebSite\",\"@id\":\"https:\\\/\\\/ordylan.fr\\\/#website\",\"url\":\"https:\\\/\\\/ordylan.fr\\\/\",\"name\":\"ORDYLAN\",\"description\":\"\",\"publisher\":{\"@id\":\"https:\\\/\\\/ordylan.fr\\\/#organization\"},\"potentialAction\":[{\"@type\":\"SearchAction\",\"target\":{\"@type\":\"EntryPoint\",\"urlTemplate\":\"https:\\\/\\\/ordylan.fr\\\/?s={search_term_string}\"},\"query-input\":{\"@type\":\"PropertyValueSpecification\",\"valueRequired\":true,\"valueName\":\"search_term_string\"}}],\"inLanguage\":\"fr-FR\"},{\"@type\":\"Organization\",\"@id\":\"https:\\\/\\\/ordylan.fr\\\/#organization\",\"name\":\"ORDYLAN\",\"url\":\"https:\\\/\\\/ordylan.fr\\\/\",\"logo\":{\"@type\":\"ImageObject\",\"inLanguage\":\"fr-FR\",\"@id\":\"https:\\\/\\\/ordylan.fr\\\/#\\\/schema\\\/logo\\\/image\\\/\",\"url\":\"https:\\\/\\\/ordylan.fr\\\/wp-content\\\/uploads\\\/2025\\\/03\\\/logo-web.jpg\",\"contentUrl\":\"https:\\\/\\\/ordylan.fr\\\/wp-content\\\/uploads\\\/2025\\\/03\\\/logo-web.jpg\",\"width\":500,\"height\":192,\"caption\":\"ORDYLAN\"},\"image\":{\"@id\":\"https:\\\/\\\/ordylan.fr\\\/#\\\/schema\\\/logo\\\/image\\\/\"}}]}<\/script>\n<!-- \/ Yoast SEO plugin. -->","yoast_head_json":{"title":"CONTACT - ORDYLAN","description":"D\u00e9pannage, r\u00e9paration et vente de mat\u00e9riel informatique. T\u00e9l\u00e9phone, sms : 07 63 33 55 96 Mail : ordylan.info@gmail.com Ouvert du lundi au vendredi 8h - 19h","robots":{"index":"index","follow":"follow","max-snippet":"max-snippet:-1","max-image-preview":"max-image-preview:large","max-video-preview":"max-video-preview:-1"},"canonical":"https:\/\/ordylan.fr\/index.php\/contact\/","og_locale":"fr_FR","og_type":"article","og_title":"CONTACT - ORDYLAN","og_description":"D\u00e9pannage, r\u00e9paration et vente de mat\u00e9riel informatique. T\u00e9l\u00e9phone, sms : 07 63 33 55 96 Mail : ordylan.info@gmail.com Ouvert du lundi au vendredi 8h - 19h","og_url":"https:\/\/ordylan.fr\/index.php\/contact\/","og_site_name":"ORDYLAN","article_modified_time":"2025-06-24T18:12:54+00:00","og_image":[{"width":1707,"height":2560,"url":"https:\/\/ordylan.fr\/wp-content\/uploads\/2025\/04\/michal-biernat-h0xEUQXzU38-unsplash-scaled.jpg","type":"image\/jpeg"}],"twitter_card":"summary_large_image","twitter_misc":{"Dur\u00e9e de lecture estim\u00e9e":"1 minute"},"schema":{"@context":"https:\/\/schema.org","@graph":[{"@type":"WebPage","@id":"https:\/\/ordylan.fr\/index.php\/contact\/","url":"https:\/\/ordylan.fr\/index.php\/contact\/","name":"CONTACT - ORDYLAN","isPartOf":{"@id":"https:\/\/ordylan.fr\/#website"},"primaryImageOfPage":{"@id":"https:\/\/ordylan.fr\/index.php\/contact\/#primaryimage"},"image":{"@id":"https:\/\/ordylan.fr\/index.php\/contact\/#primaryimage"},"thumbnailUrl":"https:\/\/ordylan.fr\/wp-content\/uploads\/2025\/04\/michal-biernat-h0xEUQXzU38-unsplash-600x600.jpg","datePublished":"2025-04-08T17:24:04+00:00","dateModified":"2025-06-24T18:12:54+00:00","description":"D\u00e9pannage, r\u00e9paration et vente de mat\u00e9riel informatique. T\u00e9l\u00e9phone, sms : 07 63 33 55 96 Mail : ordylan.info@gmail.com Ouvert du lundi au vendredi 8h - 19h","breadcrumb":{"@id":"https:\/\/ordylan.fr\/index.php\/contact\/#breadcrumb"},"inLanguage":"fr-FR","potentialAction":[{"@type":"ReadAction","target":["https:\/\/ordylan.fr\/index.php\/contact\/"]}]},{"@type":"ImageObject","inLanguage":"fr-FR","@id":"https:\/\/ordylan.fr\/index.php\/contact\/#primaryimage","url":"https:\/\/ordylan.fr\/wp-content\/uploads\/2025\/04\/michal-biernat-h0xEUQXzU38-unsplash-scaled.jpg","contentUrl":"https:\/\/ordylan.fr\/wp-content\/uploads\/2025\/04\/michal-biernat-h0xEUQXzU38-unsplash-scaled.jpg","width":1707,"height":2560},{"@type":"BreadcrumbList","@id":"https:\/\/ordylan.fr\/index.php\/contact\/#breadcrumb","itemListElement":[{"@type":"ListItem","position":1,"name":"Accueil","item":"https:\/\/ordylan.fr\/"},{"@type":"ListItem","position":2,"name":"CONTACT"}]},{"@type":"WebSite","@id":"https:\/\/ordylan.fr\/#website","url":"https:\/\/ordylan.fr\/","name":"ORDYLAN","description":"","publisher":{"@id":"https:\/\/ordylan.fr\/#organization"},"potentialAction":[{"@type":"SearchAction","target":{"@type":"EntryPoint","urlTemplate":"https:\/\/ordylan.fr\/?s={search_term_string}"},"query-input":{"@type":"PropertyValueSpecification","valueRequired":true,"valueName":"search_term_string"}}],"inLanguage":"fr-FR"},{"@type":"Organization","@id":"https:\/\/ordylan.fr\/#organization","name":"ORDYLAN","url":"https:\/\/ordylan.fr\/","logo":{"@type":"ImageObject","inLanguage":"fr-FR","@id":"https:\/\/ordylan.fr\/#\/schema\/logo\/image\/","url":"https:\/\/ordylan.fr\/wp-content\/uploads\/2025\/03\/logo-web.jpg","contentUrl":"https:\/\/ordylan.fr\/wp-content\/uploads\/2025\/03\/logo-web.jpg","width":500,"height":192,"caption":"ORDYLAN"},"image":{"@id":"https:\/\/ordylan.fr\/#\/schema\/logo\/image\/"}}]}},"_links":{"self":[{"href":"https:\/\/ordylan.fr\/index.php\/wp-json\/wp\/v2\/pages\/146","targetHints":{"allow":["GET"]}}],"collection":[{"href":"https:\/\/ordylan.fr\/index.php\/wp-json\/wp\/v2\/pages"}],"about":[{"href":"https:\/\/ordylan.fr\/index.php\/wp-json\/wp\/v2\/types\/page"}],"author":[{"embeddable":true,"href":"https:\/\/ordylan.fr\/index.php\/wp-json\/wp\/v2\/users\/1"}],"replies":[{"embeddable":true,"href":"https:\/\/ordylan.fr\/index.php\/wp-json\/wp\/v2\/comments?post=146"}],"version-history":[{"count":82,"href":"https:\/\/ordylan.fr\/index.php\/wp-json\/wp\/v2\/pages\/146\/revisions"}],"predecessor-version":[{"id":1510,"href":"https:\/\/ordylan.fr\/index.php\/wp-json\/wp\/v2\/pages\/146\/revisions\/1510"}],"wp:attachment":[{"href":"https:\/\/ordylan.fr\/index.php\/wp-json\/wp\/v2\/media?parent=146"}],"curies":[{"name":"wp","href":"https:\/\/api.w.org\/{rel}","templated":true}]}}