{"id":166,"date":"2025-04-08T19:02:03","date_gmt":"2025-04-08T17:02:03","guid":{"rendered":"http:\/\/135.181.107.179\/?page_id=166"},"modified":"2025-06-24T19:39:57","modified_gmt":"2025-06-24T17:39:57","slug":"securite","status":"publish","type":"page","link":"https:\/\/ordylan.fr\/index.php\/securite\/","title":{"rendered":"S\u00c9CURIT\u00c9"},"content":{"rendered":"\t\t<div data-elementor-type=\"wp-page\" data-elementor-id=\"166\" class=\"elementor elementor-166\">\n\t\t\t\t<div class=\"elementor-element elementor-element-3625023 e-flex e-con-boxed e-con e-parent\" data-id=\"3625023\" data-element_type=\"container\" data-e-type=\"container\">\n\t\t\t\t\t<div class=\"e-con-inner\">\n\t\t\t\t<div class=\"elementor-element elementor-element-2a2a3e0 elementor-widget elementor-widget-heading\" data-id=\"2a2a3e0\" data-element_type=\"widget\" data-e-type=\"widget\" data-widget_type=\"heading.default\">\n\t\t\t\t<div class=\"elementor-widget-container\">\n\t\t\t\t\t<h2 class=\"elementor-heading-title elementor-size-default\">S\u00e9curit\u00e9<\/h2>\t\t\t\t<\/div>\n\t\t\t\t<\/div>\n\t\t\t\t<div class=\"elementor-element elementor-element-c9e7bf6 animated-slow elementor-invisible elementor-widget elementor-widget-image\" data-id=\"c9e7bf6\" data-element_type=\"widget\" data-e-type=\"widget\" data-settings=\"{&quot;_animation&quot;:&quot;fadeInUp&quot;}\" data-widget_type=\"image.default\">\n\t\t\t\t<div class=\"elementor-widget-container\">\n\t\t\t\t\t\t\t\t\t\t\t\t\t\t\t<img fetchpriority=\"high\" decoding=\"async\" width=\"768\" height=\"512\" src=\"https:\/\/ordylan.fr\/wp-content\/uploads\/2025\/04\/world-6725338_1920-768x512.jpg\" class=\"attachment-medium_large size-medium_large wp-image-288\" alt=\"\" srcset=\"https:\/\/ordylan.fr\/wp-content\/uploads\/2025\/04\/world-6725338_1920-768x512.jpg 768w, https:\/\/ordylan.fr\/wp-content\/uploads\/2025\/04\/world-6725338_1920-300x200.jpg 300w, https:\/\/ordylan.fr\/wp-content\/uploads\/2025\/04\/world-6725338_1920-1024x683.jpg 1024w, https:\/\/ordylan.fr\/wp-content\/uploads\/2025\/04\/world-6725338_1920-1536x1024.jpg 1536w, https:\/\/ordylan.fr\/wp-content\/uploads\/2025\/04\/world-6725338_1920.jpg 1920w\" sizes=\"(max-width: 768px) 100vw, 768px\" \/>\t\t\t\t\t\t\t\t\t\t\t\t\t\t\t<\/div>\n\t\t\t\t<\/div>\n\t\t\t\t\t<\/div>\n\t\t\t\t<\/div>\n\t\t<div class=\"elementor-element elementor-element-97d1935 e-flex e-con-boxed e-con e-parent\" data-id=\"97d1935\" data-element_type=\"container\" data-e-type=\"container\">\n\t\t\t\t\t<div class=\"e-con-inner\">\n\t\t\t\t<div class=\"elementor-element elementor-element-ae316d2 animated-slow elementor-invisible elementor-widget elementor-widget-text-editor\" data-id=\"ae316d2\" data-element_type=\"widget\" data-e-type=\"widget\" data-settings=\"{&quot;_animation&quot;:&quot;fadeInUp&quot;}\" data-widget_type=\"text-editor.default\">\n\t\t\t\t<div class=\"elementor-widget-container\">\n\t\t\t\t\t\t\t\t\t<p>Face au nombre de piratage, virus et arnaques informatiques en tout genre qui ne cesse d&rsquo;augmenter chaque ann\u00e9e, il devient maintenant primordial de mettre en place des outils de d\u00e9fense et d&rsquo;appliquer des bonnes pratiques pour se prot\u00e9ger contre ces individus malintentionn\u00e9s.<\/p><p>Gr\u00e2ce \u00e0 une forte exp\u00e9rience dans le milieu de la s\u00e9curit\u00e9 informatique, je saurai optimiser votre syst\u00e8me afin de r\u00e9duire au maximum le risque d&rsquo;attaque tout en m&rsquo;adaptant bien \u00e9videmment \u00e0 votre niveau de maitrise en informatique.<\/p>\t\t\t\t\t\t\t\t<\/div>\n\t\t\t\t<\/div>\n\t\t\t\t\t<\/div>\n\t\t\t\t<\/div>\n\t\t\t\t<\/div>\n\t\t","protected":false},"excerpt":{"rendered":"<p>S\u00e9curit\u00e9 Face au nombre de piratage, virus et arnaques informatiques en tout genre qui ne cesse d&rsquo;augmenter chaque ann\u00e9e, il devient maintenant primordial de mettre en place des outils de d\u00e9fense et d&rsquo;appliquer des bonnes pratiques pour se prot\u00e9ger contre ces individus malintentionn\u00e9s. Gr\u00e2ce \u00e0 une forte exp\u00e9rience dans le milieu de la s\u00e9curit\u00e9 informatique, [&hellip;]<\/p>\n","protected":false},"author":1,"featured_media":0,"parent":0,"menu_order":0,"comment_status":"closed","ping_status":"closed","template":"","meta":{"ocean_post_layout":"","ocean_both_sidebars_style":"","ocean_both_sidebars_content_width":0,"ocean_both_sidebars_sidebars_width":0,"ocean_sidebar":"","ocean_second_sidebar":"","ocean_disable_margins":"enable","ocean_add_body_class":"","ocean_shortcode_before_top_bar":"","ocean_shortcode_after_top_bar":"","ocean_shortcode_before_header":"","ocean_shortcode_after_header":"","ocean_has_shortcode":"","ocean_shortcode_after_title":"","ocean_shortcode_before_footer_widgets":"","ocean_shortcode_after_footer_widgets":"","ocean_shortcode_before_footer_bottom":"","ocean_shortcode_after_footer_bottom":"","ocean_display_top_bar":"default","ocean_display_header":"default","ocean_header_style":"","ocean_center_header_left_menu":"","ocean_custom_header_template":"","ocean_custom_logo":0,"ocean_custom_retina_logo":0,"ocean_custom_logo_max_width":0,"ocean_custom_logo_tablet_max_width":0,"ocean_custom_logo_mobile_max_width":0,"ocean_custom_logo_max_height":0,"ocean_custom_logo_tablet_max_height":0,"ocean_custom_logo_mobile_max_height":0,"ocean_header_custom_menu":"","ocean_menu_typo_font_family":"","ocean_menu_typo_font_subset":"","ocean_menu_typo_font_size":0,"ocean_menu_typo_font_size_tablet":0,"ocean_menu_typo_font_size_mobile":0,"ocean_menu_typo_font_size_unit":"px","ocean_menu_typo_font_weight":"","ocean_menu_typo_font_weight_tablet":"","ocean_menu_typo_font_weight_mobile":"","ocean_menu_typo_transform":"","ocean_menu_typo_transform_tablet":"","ocean_menu_typo_transform_mobile":"","ocean_menu_typo_line_height":0,"ocean_menu_typo_line_height_tablet":0,"ocean_menu_typo_line_height_mobile":0,"ocean_menu_typo_line_height_unit":"","ocean_menu_typo_spacing":0,"ocean_menu_typo_spacing_tablet":0,"ocean_menu_typo_spacing_mobile":0,"ocean_menu_typo_spacing_unit":"","ocean_menu_link_color":"","ocean_menu_link_color_hover":"","ocean_menu_link_color_active":"","ocean_menu_link_background":"","ocean_menu_link_hover_background":"","ocean_menu_link_active_background":"","ocean_menu_social_links_bg":"","ocean_menu_social_hover_links_bg":"","ocean_menu_social_links_color":"","ocean_menu_social_hover_links_color":"","ocean_disable_title":"default","ocean_disable_heading":"default","ocean_post_title":"","ocean_post_subheading":"","ocean_post_title_style":"","ocean_post_title_background_color":"","ocean_post_title_background":0,"ocean_post_title_bg_image_position":"","ocean_post_title_bg_image_attachment":"","ocean_post_title_bg_image_repeat":"","ocean_post_title_bg_image_size":"","ocean_post_title_height":0,"ocean_post_title_bg_overlay":0.5,"ocean_post_title_bg_overlay_color":"","ocean_disable_breadcrumbs":"default","ocean_breadcrumbs_color":"","ocean_breadcrumbs_separator_color":"","ocean_breadcrumbs_links_color":"","ocean_breadcrumbs_links_hover_color":"","ocean_display_footer_widgets":"default","ocean_display_footer_bottom":"default","ocean_custom_footer_template":"","footnotes":""},"class_list":["post-166","page","type-page","status-publish","hentry","entry"],"yoast_head":"<!-- This site is optimized with the Yoast SEO plugin v27.3 - https:\/\/yoast.com\/product\/yoast-seo-wordpress\/ -->\n<title>ORDYLAN - S\u00c9CURIT\u00c9<\/title>\n<meta name=\"description\" content=\"Gr\u00e2ce \u00e0 une forte exp\u00e9rience dans le milieu de la s\u00e9curit\u00e9 informatique, l&#039;entreprise ORDYLAN vous aide \u00e0 optimiser votre syst\u00e8me afin de r\u00e9duire au maximum le risque d\u2019attaque\" \/>\n<meta name=\"robots\" content=\"index, follow, max-snippet:-1, max-image-preview:large, max-video-preview:-1\" \/>\n<link rel=\"canonical\" href=\"https:\/\/ordylan.fr\/index.php\/securite\/\" \/>\n<meta property=\"og:locale\" content=\"fr_FR\" \/>\n<meta property=\"og:type\" content=\"article\" \/>\n<meta property=\"og:title\" content=\"ORDYLAN - S\u00c9CURIT\u00c9\" \/>\n<meta property=\"og:description\" content=\"Gr\u00e2ce \u00e0 une forte exp\u00e9rience dans le milieu de la s\u00e9curit\u00e9 informatique, l&#039;entreprise ORDYLAN vous aide \u00e0 optimiser votre syst\u00e8me afin de r\u00e9duire au maximum le risque d\u2019attaque\" \/>\n<meta property=\"og:url\" content=\"https:\/\/ordylan.fr\/index.php\/securite\/\" \/>\n<meta property=\"og:site_name\" content=\"ORDYLAN\" \/>\n<meta property=\"article:modified_time\" content=\"2025-06-24T17:39:57+00:00\" \/>\n<meta property=\"og:image\" content=\"https:\/\/ordylan.fr\/wp-content\/uploads\/2025\/04\/world-6725338_1920.jpg\" \/>\n\t<meta property=\"og:image:width\" content=\"1920\" \/>\n\t<meta property=\"og:image:height\" content=\"1280\" \/>\n\t<meta property=\"og:image:type\" content=\"image\/jpeg\" \/>\n<meta name=\"twitter:card\" content=\"summary_large_image\" \/>\n<meta name=\"twitter:label1\" content=\"Dur\u00e9e de lecture estim\u00e9e\" \/>\n\t<meta name=\"twitter:data1\" content=\"1 minute\" \/>\n<script type=\"application\/ld+json\" class=\"yoast-schema-graph\">{\"@context\":\"https:\\\/\\\/schema.org\",\"@graph\":[{\"@type\":\"WebPage\",\"@id\":\"https:\\\/\\\/ordylan.fr\\\/index.php\\\/securite\\\/\",\"url\":\"https:\\\/\\\/ordylan.fr\\\/index.php\\\/securite\\\/\",\"name\":\"ORDYLAN - S\u00c9CURIT\u00c9\",\"isPartOf\":{\"@id\":\"https:\\\/\\\/ordylan.fr\\\/#website\"},\"primaryImageOfPage\":{\"@id\":\"https:\\\/\\\/ordylan.fr\\\/index.php\\\/securite\\\/#primaryimage\"},\"image\":{\"@id\":\"https:\\\/\\\/ordylan.fr\\\/index.php\\\/securite\\\/#primaryimage\"},\"thumbnailUrl\":\"https:\\\/\\\/ordylan.fr\\\/wp-content\\\/uploads\\\/2025\\\/04\\\/world-6725338_1920-768x512.jpg\",\"datePublished\":\"2025-04-08T17:02:03+00:00\",\"dateModified\":\"2025-06-24T17:39:57+00:00\",\"description\":\"Gr\u00e2ce \u00e0 une forte exp\u00e9rience dans le milieu de la s\u00e9curit\u00e9 informatique, l'entreprise ORDYLAN vous aide \u00e0 optimiser votre syst\u00e8me afin de r\u00e9duire au maximum le risque d\u2019attaque\",\"breadcrumb\":{\"@id\":\"https:\\\/\\\/ordylan.fr\\\/index.php\\\/securite\\\/#breadcrumb\"},\"inLanguage\":\"fr-FR\",\"potentialAction\":[{\"@type\":\"ReadAction\",\"target\":[\"https:\\\/\\\/ordylan.fr\\\/index.php\\\/securite\\\/\"]}]},{\"@type\":\"ImageObject\",\"inLanguage\":\"fr-FR\",\"@id\":\"https:\\\/\\\/ordylan.fr\\\/index.php\\\/securite\\\/#primaryimage\",\"url\":\"https:\\\/\\\/ordylan.fr\\\/wp-content\\\/uploads\\\/2025\\\/04\\\/world-6725338_1920.jpg\",\"contentUrl\":\"https:\\\/\\\/ordylan.fr\\\/wp-content\\\/uploads\\\/2025\\\/04\\\/world-6725338_1920.jpg\",\"width\":1920,\"height\":1280},{\"@type\":\"BreadcrumbList\",\"@id\":\"https:\\\/\\\/ordylan.fr\\\/index.php\\\/securite\\\/#breadcrumb\",\"itemListElement\":[{\"@type\":\"ListItem\",\"position\":1,\"name\":\"Accueil\",\"item\":\"https:\\\/\\\/ordylan.fr\\\/\"},{\"@type\":\"ListItem\",\"position\":2,\"name\":\"S\u00c9CURIT\u00c9\"}]},{\"@type\":\"WebSite\",\"@id\":\"https:\\\/\\\/ordylan.fr\\\/#website\",\"url\":\"https:\\\/\\\/ordylan.fr\\\/\",\"name\":\"ORDYLAN\",\"description\":\"\",\"publisher\":{\"@id\":\"https:\\\/\\\/ordylan.fr\\\/#organization\"},\"potentialAction\":[{\"@type\":\"SearchAction\",\"target\":{\"@type\":\"EntryPoint\",\"urlTemplate\":\"https:\\\/\\\/ordylan.fr\\\/?s={search_term_string}\"},\"query-input\":{\"@type\":\"PropertyValueSpecification\",\"valueRequired\":true,\"valueName\":\"search_term_string\"}}],\"inLanguage\":\"fr-FR\"},{\"@type\":\"Organization\",\"@id\":\"https:\\\/\\\/ordylan.fr\\\/#organization\",\"name\":\"ORDYLAN\",\"url\":\"https:\\\/\\\/ordylan.fr\\\/\",\"logo\":{\"@type\":\"ImageObject\",\"inLanguage\":\"fr-FR\",\"@id\":\"https:\\\/\\\/ordylan.fr\\\/#\\\/schema\\\/logo\\\/image\\\/\",\"url\":\"https:\\\/\\\/ordylan.fr\\\/wp-content\\\/uploads\\\/2025\\\/03\\\/logo-web.jpg\",\"contentUrl\":\"https:\\\/\\\/ordylan.fr\\\/wp-content\\\/uploads\\\/2025\\\/03\\\/logo-web.jpg\",\"width\":500,\"height\":192,\"caption\":\"ORDYLAN\"},\"image\":{\"@id\":\"https:\\\/\\\/ordylan.fr\\\/#\\\/schema\\\/logo\\\/image\\\/\"}}]}<\/script>\n<!-- \/ Yoast SEO plugin. -->","yoast_head_json":{"title":"ORDYLAN - S\u00c9CURIT\u00c9","description":"Gr\u00e2ce \u00e0 une forte exp\u00e9rience dans le milieu de la s\u00e9curit\u00e9 informatique, l'entreprise ORDYLAN vous aide \u00e0 optimiser votre syst\u00e8me afin de r\u00e9duire au maximum le risque d\u2019attaque","robots":{"index":"index","follow":"follow","max-snippet":"max-snippet:-1","max-image-preview":"max-image-preview:large","max-video-preview":"max-video-preview:-1"},"canonical":"https:\/\/ordylan.fr\/index.php\/securite\/","og_locale":"fr_FR","og_type":"article","og_title":"ORDYLAN - S\u00c9CURIT\u00c9","og_description":"Gr\u00e2ce \u00e0 une forte exp\u00e9rience dans le milieu de la s\u00e9curit\u00e9 informatique, l'entreprise ORDYLAN vous aide \u00e0 optimiser votre syst\u00e8me afin de r\u00e9duire au maximum le risque d\u2019attaque","og_url":"https:\/\/ordylan.fr\/index.php\/securite\/","og_site_name":"ORDYLAN","article_modified_time":"2025-06-24T17:39:57+00:00","og_image":[{"width":1920,"height":1280,"url":"https:\/\/ordylan.fr\/wp-content\/uploads\/2025\/04\/world-6725338_1920.jpg","type":"image\/jpeg"}],"twitter_card":"summary_large_image","twitter_misc":{"Dur\u00e9e de lecture estim\u00e9e":"1 minute"},"schema":{"@context":"https:\/\/schema.org","@graph":[{"@type":"WebPage","@id":"https:\/\/ordylan.fr\/index.php\/securite\/","url":"https:\/\/ordylan.fr\/index.php\/securite\/","name":"ORDYLAN - S\u00c9CURIT\u00c9","isPartOf":{"@id":"https:\/\/ordylan.fr\/#website"},"primaryImageOfPage":{"@id":"https:\/\/ordylan.fr\/index.php\/securite\/#primaryimage"},"image":{"@id":"https:\/\/ordylan.fr\/index.php\/securite\/#primaryimage"},"thumbnailUrl":"https:\/\/ordylan.fr\/wp-content\/uploads\/2025\/04\/world-6725338_1920-768x512.jpg","datePublished":"2025-04-08T17:02:03+00:00","dateModified":"2025-06-24T17:39:57+00:00","description":"Gr\u00e2ce \u00e0 une forte exp\u00e9rience dans le milieu de la s\u00e9curit\u00e9 informatique, l'entreprise ORDYLAN vous aide \u00e0 optimiser votre syst\u00e8me afin de r\u00e9duire au maximum le risque d\u2019attaque","breadcrumb":{"@id":"https:\/\/ordylan.fr\/index.php\/securite\/#breadcrumb"},"inLanguage":"fr-FR","potentialAction":[{"@type":"ReadAction","target":["https:\/\/ordylan.fr\/index.php\/securite\/"]}]},{"@type":"ImageObject","inLanguage":"fr-FR","@id":"https:\/\/ordylan.fr\/index.php\/securite\/#primaryimage","url":"https:\/\/ordylan.fr\/wp-content\/uploads\/2025\/04\/world-6725338_1920.jpg","contentUrl":"https:\/\/ordylan.fr\/wp-content\/uploads\/2025\/04\/world-6725338_1920.jpg","width":1920,"height":1280},{"@type":"BreadcrumbList","@id":"https:\/\/ordylan.fr\/index.php\/securite\/#breadcrumb","itemListElement":[{"@type":"ListItem","position":1,"name":"Accueil","item":"https:\/\/ordylan.fr\/"},{"@type":"ListItem","position":2,"name":"S\u00c9CURIT\u00c9"}]},{"@type":"WebSite","@id":"https:\/\/ordylan.fr\/#website","url":"https:\/\/ordylan.fr\/","name":"ORDYLAN","description":"","publisher":{"@id":"https:\/\/ordylan.fr\/#organization"},"potentialAction":[{"@type":"SearchAction","target":{"@type":"EntryPoint","urlTemplate":"https:\/\/ordylan.fr\/?s={search_term_string}"},"query-input":{"@type":"PropertyValueSpecification","valueRequired":true,"valueName":"search_term_string"}}],"inLanguage":"fr-FR"},{"@type":"Organization","@id":"https:\/\/ordylan.fr\/#organization","name":"ORDYLAN","url":"https:\/\/ordylan.fr\/","logo":{"@type":"ImageObject","inLanguage":"fr-FR","@id":"https:\/\/ordylan.fr\/#\/schema\/logo\/image\/","url":"https:\/\/ordylan.fr\/wp-content\/uploads\/2025\/03\/logo-web.jpg","contentUrl":"https:\/\/ordylan.fr\/wp-content\/uploads\/2025\/03\/logo-web.jpg","width":500,"height":192,"caption":"ORDYLAN"},"image":{"@id":"https:\/\/ordylan.fr\/#\/schema\/logo\/image\/"}}]}},"_links":{"self":[{"href":"https:\/\/ordylan.fr\/index.php\/wp-json\/wp\/v2\/pages\/166","targetHints":{"allow":["GET"]}}],"collection":[{"href":"https:\/\/ordylan.fr\/index.php\/wp-json\/wp\/v2\/pages"}],"about":[{"href":"https:\/\/ordylan.fr\/index.php\/wp-json\/wp\/v2\/types\/page"}],"author":[{"embeddable":true,"href":"https:\/\/ordylan.fr\/index.php\/wp-json\/wp\/v2\/users\/1"}],"replies":[{"embeddable":true,"href":"https:\/\/ordylan.fr\/index.php\/wp-json\/wp\/v2\/comments?post=166"}],"version-history":[{"count":31,"href":"https:\/\/ordylan.fr\/index.php\/wp-json\/wp\/v2\/pages\/166\/revisions"}],"predecessor-version":[{"id":1476,"href":"https:\/\/ordylan.fr\/index.php\/wp-json\/wp\/v2\/pages\/166\/revisions\/1476"}],"wp:attachment":[{"href":"https:\/\/ordylan.fr\/index.php\/wp-json\/wp\/v2\/media?parent=166"}],"curies":[{"name":"wp","href":"https:\/\/api.w.org\/{rel}","templated":true}]}}