{"id":861,"date":"2025-06-11T07:49:04","date_gmt":"2025-06-11T05:49:04","guid":{"rendered":"http:\/\/135.181.107.179\/?page_id=861"},"modified":"2025-06-24T20:01:40","modified_gmt":"2025-06-24T18:01:40","slug":"mentions-legales","status":"publish","type":"page","link":"https:\/\/ordylan.fr\/index.php\/mentions-legales\/","title":{"rendered":"MENTIONS L\u00c9GALES"},"content":{"rendered":"\t\t<div data-elementor-type=\"wp-page\" data-elementor-id=\"861\" class=\"elementor elementor-861\">\n\t\t\t\t<div class=\"elementor-element elementor-element-b6ade66 e-flex e-con-boxed e-con e-parent\" data-id=\"b6ade66\" data-element_type=\"container\" data-e-type=\"container\">\n\t\t\t\t\t<div class=\"e-con-inner\">\n\t\t\t\t<div class=\"elementor-element elementor-element-85a1ce6 elementor-widget elementor-widget-heading\" data-id=\"85a1ce6\" data-element_type=\"widget\" data-e-type=\"widget\" data-widget_type=\"heading.default\">\n\t\t\t\t<div class=\"elementor-widget-container\">\n\t\t\t\t\t<h2 class=\"elementor-heading-title elementor-size-default\">\u00c9diteur du site<\/h2>\t\t\t\t<\/div>\n\t\t\t\t<\/div>\n\t\t\t\t\t<\/div>\n\t\t\t\t<\/div>\n\t\t<div class=\"elementor-element elementor-element-36a6728 e-flex e-con-boxed e-con e-parent\" data-id=\"36a6728\" data-element_type=\"container\" data-e-type=\"container\">\n\t\t\t\t\t<div class=\"e-con-inner\">\n\t\t\t\t<div class=\"elementor-element elementor-element-0eebdc8 elementor-widget elementor-widget-text-editor\" data-id=\"0eebdc8\" data-element_type=\"widget\" data-e-type=\"widget\" data-widget_type=\"text-editor.default\">\n\t\t\t\t<div class=\"elementor-widget-container\">\n\t\t\t\t\t\t\t\t\t<p>PETITE Dylan (EI)<\/p><p>ORDYLAN<\/p><p>3B Impasse route de Neuvelle 70190 NEUVELLE-LES-CROMARY<\/p><p>ordylan.info@gmail.com<\/p><p>07 63 33 55 96<\/p><p>N\u00b0 SIRET : 929 696 219 R.C.S Vesoul<\/p>\t\t\t\t\t\t\t\t<\/div>\n\t\t\t\t<\/div>\n\t\t\t\t\t<\/div>\n\t\t\t\t<\/div>\n\t\t<div class=\"elementor-element elementor-element-e6e66c7 e-flex e-con-boxed e-con e-parent\" data-id=\"e6e66c7\" data-element_type=\"container\" data-e-type=\"container\">\n\t\t\t\t\t<div class=\"e-con-inner\">\n\t\t\t\t<div class=\"elementor-element elementor-element-c7f50d5 elementor-widget elementor-widget-heading\" data-id=\"c7f50d5\" data-element_type=\"widget\" data-e-type=\"widget\" data-widget_type=\"heading.default\">\n\t\t\t\t<div class=\"elementor-widget-container\">\n\t\t\t\t\t<h2 class=\"elementor-heading-title elementor-size-default\">H\u00e9bergement du site<\/h2>\t\t\t\t<\/div>\n\t\t\t\t<\/div>\n\t\t\t\t\t<\/div>\n\t\t\t\t<\/div>\n\t\t<div class=\"elementor-element elementor-element-c638788 e-flex e-con-boxed e-con e-parent\" data-id=\"c638788\" data-element_type=\"container\" data-e-type=\"container\">\n\t\t\t\t\t<div class=\"e-con-inner\">\n\t\t\t\t<div class=\"elementor-element elementor-element-52e3bf6 elementor-widget elementor-widget-text-editor\" data-id=\"52e3bf6\" data-element_type=\"widget\" data-e-type=\"widget\" data-widget_type=\"text-editor.default\">\n\t\t\t\t<div class=\"elementor-widget-container\">\n\t\t\t\t\t\t\t\t\t<p>Hetzner Online GmbH<br \/>Industriestr. 25<br \/>91710 Gunzenhausen<br \/>T\u00e9l. : +49 (0)9831 505-0<\/p>\t\t\t\t\t\t\t\t<\/div>\n\t\t\t\t<\/div>\n\t\t\t\t\t<\/div>\n\t\t\t\t<\/div>\n\t\t<div class=\"elementor-element elementor-element-ee70d56 e-flex e-con-boxed e-con e-parent\" data-id=\"ee70d56\" data-element_type=\"container\" data-e-type=\"container\">\n\t\t\t\t\t<div class=\"e-con-inner\">\n\t\t\t\t<div class=\"elementor-element elementor-element-a77c4d9 elementor-widget elementor-widget-heading\" data-id=\"a77c4d9\" data-element_type=\"widget\" data-e-type=\"widget\" data-widget_type=\"heading.default\">\n\t\t\t\t<div class=\"elementor-widget-container\">\n\t\t\t\t\t<h2 class=\"elementor-heading-title elementor-size-default\">Administrateur du site<\/h2>\t\t\t\t<\/div>\n\t\t\t\t<\/div>\n\t\t\t\t\t<\/div>\n\t\t\t\t<\/div>\n\t\t<div class=\"elementor-element elementor-element-4e31a7b e-flex e-con-boxed e-con e-parent\" data-id=\"4e31a7b\" data-element_type=\"container\" data-e-type=\"container\">\n\t\t\t\t\t<div class=\"e-con-inner\">\n\t\t\t\t<div class=\"elementor-element elementor-element-d6a2fa5 elementor-widget elementor-widget-text-editor\" data-id=\"d6a2fa5\" data-element_type=\"widget\" data-e-type=\"widget\" data-widget_type=\"text-editor.default\">\n\t\t\t\t<div class=\"elementor-widget-container\">\n\t\t\t\t\t\t\t\t\t<p>PETITE Dylan (EI)<\/p><p>ORDYLAN<\/p><p>3B Impasse route de Neuvelle<\/p><p>70190 NEUVELLE-LES-CROMARY<\/p>\t\t\t\t\t\t\t\t<\/div>\n\t\t\t\t<\/div>\n\t\t\t\t\t<\/div>\n\t\t\t\t<\/div>\n\t\t<div class=\"elementor-element elementor-element-068aca4 e-flex e-con-boxed e-con e-parent\" data-id=\"068aca4\" data-element_type=\"container\" data-e-type=\"container\">\n\t\t\t\t\t<div class=\"e-con-inner\">\n\t\t\t\t<div class=\"elementor-element elementor-element-ff918b0 elementor-widget elementor-widget-heading\" data-id=\"ff918b0\" data-element_type=\"widget\" data-e-type=\"widget\" data-widget_type=\"heading.default\">\n\t\t\t\t<div class=\"elementor-widget-container\">\n\t\t\t\t\t<h2 class=\"elementor-heading-title elementor-size-default\">Propri\u00e9t\u00e9 intellectuelle<\/h2>\t\t\t\t<\/div>\n\t\t\t\t<\/div>\n\t\t\t\t\t<\/div>\n\t\t\t\t<\/div>\n\t\t<div class=\"elementor-element elementor-element-94269e8 e-flex e-con-boxed e-con e-parent\" data-id=\"94269e8\" data-element_type=\"container\" data-e-type=\"container\">\n\t\t\t\t\t<div class=\"e-con-inner\">\n\t\t\t\t<div class=\"elementor-element elementor-element-8c2d8ed elementor-widget elementor-widget-text-editor\" data-id=\"8c2d8ed\" data-element_type=\"widget\" data-e-type=\"widget\" data-widget_type=\"text-editor.default\">\n\t\t\t\t<div class=\"elementor-widget-container\">\n\t\t\t\t\t\t\t\t\t<p>En application de la loi, toute reproduction partielle ou totale est strictement interdite sans autorisation de l&rsquo;entreprise ORDYLAN. Les logos, visuels et marques pr\u00e9sents sur ce site sont la propri\u00e9t\u00e9 de leurs d\u00e9tenteurs respectifs.<br \/>Article L 335-2 et suivant du code de la propri\u00e9t\u00e9 intellectuelle.<br \/>Pour toute information compl\u00e9mentaire contactez-nous par e-mail ordylan.info@gmail.com<\/p>\t\t\t\t\t\t\t\t<\/div>\n\t\t\t\t<\/div>\n\t\t\t\t\t<\/div>\n\t\t\t\t<\/div>\n\t\t<div class=\"elementor-element elementor-element-a81beba e-flex e-con-boxed e-con e-parent\" data-id=\"a81beba\" data-element_type=\"container\" data-e-type=\"container\">\n\t\t\t\t\t<div class=\"e-con-inner\">\n\t\t\t\t<div class=\"elementor-element elementor-element-c3655d3 elementor-widget elementor-widget-heading\" data-id=\"c3655d3\" data-element_type=\"widget\" data-e-type=\"widget\" data-widget_type=\"heading.default\">\n\t\t\t\t<div class=\"elementor-widget-container\">\n\t\t\t\t\t<h2 class=\"elementor-heading-title elementor-size-default\">Cookies<\/h2>\t\t\t\t<\/div>\n\t\t\t\t<\/div>\n\t\t\t\t\t<\/div>\n\t\t\t\t<\/div>\n\t\t<div class=\"elementor-element elementor-element-5d34557 e-flex e-con-boxed e-con e-parent\" data-id=\"5d34557\" data-element_type=\"container\" data-e-type=\"container\">\n\t\t\t\t\t<div class=\"e-con-inner\">\n\t\t\t\t<div class=\"elementor-element elementor-element-4106b56 elementor-widget elementor-widget-text-editor\" data-id=\"4106b56\" data-element_type=\"widget\" data-e-type=\"widget\" data-widget_type=\"text-editor.default\">\n\t\t\t\t<div class=\"elementor-widget-container\">\n\t\t\t\t\t\t\t\t\t<p>Ce site n&rsquo;utilise aucun cookie, ni aucun autre traceur de donn\u00e9es personnelles.<\/p>\t\t\t\t\t\t\t\t<\/div>\n\t\t\t\t<\/div>\n\t\t\t\t\t<\/div>\n\t\t\t\t<\/div>\n\t\t\t\t<\/div>\n\t\t","protected":false},"excerpt":{"rendered":"<p>\u00c9diteur du site PETITE Dylan (EI) ORDYLAN 3B Impasse route de Neuvelle 70190 NEUVELLE-LES-CROMARY ordylan.info@gmail.com 07 63 33 55 96 N\u00b0 SIRET : 929 696 219 R.C.S Vesoul H\u00e9bergement du site Hetzner Online GmbHIndustriestr. 2591710 GunzenhausenT\u00e9l. : +49 (0)9831 505-0 Administrateur du site PETITE Dylan (EI) ORDYLAN 3B Impasse route de Neuvelle 70190 NEUVELLE-LES-CROMARY Propri\u00e9t\u00e9 [&hellip;]<\/p>\n","protected":false},"author":1,"featured_media":0,"parent":0,"menu_order":0,"comment_status":"closed","ping_status":"closed","template":"","meta":{"ocean_post_layout":"","ocean_both_sidebars_style":"","ocean_both_sidebars_content_width":0,"ocean_both_sidebars_sidebars_width":0,"ocean_sidebar":"","ocean_second_sidebar":"","ocean_disable_margins":"enable","ocean_add_body_class":"","ocean_shortcode_before_top_bar":"","ocean_shortcode_after_top_bar":"","ocean_shortcode_before_header":"","ocean_shortcode_after_header":"","ocean_has_shortcode":"","ocean_shortcode_after_title":"","ocean_shortcode_before_footer_widgets":"","ocean_shortcode_after_footer_widgets":"","ocean_shortcode_before_footer_bottom":"","ocean_shortcode_after_footer_bottom":"","ocean_display_top_bar":"default","ocean_display_header":"default","ocean_header_style":"","ocean_center_header_left_menu":"","ocean_custom_header_template":"","ocean_custom_logo":0,"ocean_custom_retina_logo":0,"ocean_custom_logo_max_width":0,"ocean_custom_logo_tablet_max_width":0,"ocean_custom_logo_mobile_max_width":0,"ocean_custom_logo_max_height":0,"ocean_custom_logo_tablet_max_height":0,"ocean_custom_logo_mobile_max_height":0,"ocean_header_custom_menu":"","ocean_menu_typo_font_family":"","ocean_menu_typo_font_subset":"","ocean_menu_typo_font_size":0,"ocean_menu_typo_font_size_tablet":0,"ocean_menu_typo_font_size_mobile":0,"ocean_menu_typo_font_size_unit":"px","ocean_menu_typo_font_weight":"","ocean_menu_typo_font_weight_tablet":"","ocean_menu_typo_font_weight_mobile":"","ocean_menu_typo_transform":"","ocean_menu_typo_transform_tablet":"","ocean_menu_typo_transform_mobile":"","ocean_menu_typo_line_height":0,"ocean_menu_typo_line_height_tablet":0,"ocean_menu_typo_line_height_mobile":0,"ocean_menu_typo_line_height_unit":"","ocean_menu_typo_spacing":0,"ocean_menu_typo_spacing_tablet":0,"ocean_menu_typo_spacing_mobile":0,"ocean_menu_typo_spacing_unit":"","ocean_menu_link_color":"","ocean_menu_link_color_hover":"","ocean_menu_link_color_active":"","ocean_menu_link_background":"","ocean_menu_link_hover_background":"","ocean_menu_link_active_background":"","ocean_menu_social_links_bg":"","ocean_menu_social_hover_links_bg":"","ocean_menu_social_links_color":"","ocean_menu_social_hover_links_color":"","ocean_disable_title":"default","ocean_disable_heading":"default","ocean_post_title":"","ocean_post_subheading":"","ocean_post_title_style":"","ocean_post_title_background_color":"","ocean_post_title_background":0,"ocean_post_title_bg_image_position":"","ocean_post_title_bg_image_attachment":"","ocean_post_title_bg_image_repeat":"","ocean_post_title_bg_image_size":"","ocean_post_title_height":0,"ocean_post_title_bg_overlay":0.5,"ocean_post_title_bg_overlay_color":"","ocean_disable_breadcrumbs":"default","ocean_breadcrumbs_color":"","ocean_breadcrumbs_separator_color":"","ocean_breadcrumbs_links_color":"","ocean_breadcrumbs_links_hover_color":"","ocean_display_footer_widgets":"default","ocean_display_footer_bottom":"default","ocean_custom_footer_template":"","footnotes":""},"class_list":["post-861","page","type-page","status-publish","hentry","entry"],"yoast_head":"<!-- This site is optimized with the Yoast SEO plugin v27.3 - https:\/\/yoast.com\/product\/yoast-seo-wordpress\/ -->\n<title>MENTIONS L\u00c9GALES - ORDYLAN<\/title>\n<meta name=\"robots\" content=\"noindex, follow\" \/>\n<meta property=\"og:locale\" content=\"fr_FR\" \/>\n<meta property=\"og:type\" content=\"article\" \/>\n<meta property=\"og:title\" content=\"MENTIONS L\u00c9GALES - ORDYLAN\" \/>\n<meta property=\"og:description\" content=\"\u00c9diteur du site PETITE Dylan (EI) ORDYLAN 3B Impasse route de Neuvelle 70190 NEUVELLE-LES-CROMARY ordylan.info@gmail.com 07 63 33 55 96 N\u00b0 SIRET : 929 696 219 R.C.S Vesoul H\u00e9bergement du site Hetzner Online GmbHIndustriestr. 2591710 GunzenhausenT\u00e9l. : +49 (0)9831 505-0 Administrateur du site PETITE Dylan (EI) ORDYLAN 3B Impasse route de Neuvelle 70190 NEUVELLE-LES-CROMARY Propri\u00e9t\u00e9 [&hellip;]\" \/>\n<meta property=\"og:url\" content=\"https:\/\/ordylan.fr\/index.php\/mentions-legales\/\" \/>\n<meta property=\"og:site_name\" content=\"ORDYLAN\" \/>\n<meta property=\"article:modified_time\" content=\"2025-06-24T18:01:40+00:00\" \/>\n<meta name=\"twitter:card\" content=\"summary_large_image\" \/>\n<meta name=\"twitter:label1\" content=\"Dur\u00e9e de lecture estim\u00e9e\" \/>\n\t<meta name=\"twitter:data1\" content=\"1 minute\" \/>\n<script type=\"application\/ld+json\" class=\"yoast-schema-graph\">{\"@context\":\"https:\\\/\\\/schema.org\",\"@graph\":[{\"@type\":\"WebPage\",\"@id\":\"https:\\\/\\\/ordylan.fr\\\/index.php\\\/mentions-legales\\\/\",\"url\":\"https:\\\/\\\/ordylan.fr\\\/index.php\\\/mentions-legales\\\/\",\"name\":\"MENTIONS L\u00c9GALES - ORDYLAN\",\"isPartOf\":{\"@id\":\"https:\\\/\\\/ordylan.fr\\\/#website\"},\"datePublished\":\"2025-06-11T05:49:04+00:00\",\"dateModified\":\"2025-06-24T18:01:40+00:00\",\"breadcrumb\":{\"@id\":\"https:\\\/\\\/ordylan.fr\\\/index.php\\\/mentions-legales\\\/#breadcrumb\"},\"inLanguage\":\"fr-FR\",\"potentialAction\":[{\"@type\":\"ReadAction\",\"target\":[\"https:\\\/\\\/ordylan.fr\\\/index.php\\\/mentions-legales\\\/\"]}]},{\"@type\":\"BreadcrumbList\",\"@id\":\"https:\\\/\\\/ordylan.fr\\\/index.php\\\/mentions-legales\\\/#breadcrumb\",\"itemListElement\":[{\"@type\":\"ListItem\",\"position\":1,\"name\":\"Accueil\",\"item\":\"https:\\\/\\\/ordylan.fr\\\/\"},{\"@type\":\"ListItem\",\"position\":2,\"name\":\"MENTIONS L\u00c9GALES\"}]},{\"@type\":\"WebSite\",\"@id\":\"https:\\\/\\\/ordylan.fr\\\/#website\",\"url\":\"https:\\\/\\\/ordylan.fr\\\/\",\"name\":\"ORDYLAN\",\"description\":\"\",\"publisher\":{\"@id\":\"https:\\\/\\\/ordylan.fr\\\/#organization\"},\"potentialAction\":[{\"@type\":\"SearchAction\",\"target\":{\"@type\":\"EntryPoint\",\"urlTemplate\":\"https:\\\/\\\/ordylan.fr\\\/?s={search_term_string}\"},\"query-input\":{\"@type\":\"PropertyValueSpecification\",\"valueRequired\":true,\"valueName\":\"search_term_string\"}}],\"inLanguage\":\"fr-FR\"},{\"@type\":\"Organization\",\"@id\":\"https:\\\/\\\/ordylan.fr\\\/#organization\",\"name\":\"ORDYLAN\",\"url\":\"https:\\\/\\\/ordylan.fr\\\/\",\"logo\":{\"@type\":\"ImageObject\",\"inLanguage\":\"fr-FR\",\"@id\":\"https:\\\/\\\/ordylan.fr\\\/#\\\/schema\\\/logo\\\/image\\\/\",\"url\":\"https:\\\/\\\/ordylan.fr\\\/wp-content\\\/uploads\\\/2025\\\/03\\\/logo-web.jpg\",\"contentUrl\":\"https:\\\/\\\/ordylan.fr\\\/wp-content\\\/uploads\\\/2025\\\/03\\\/logo-web.jpg\",\"width\":500,\"height\":192,\"caption\":\"ORDYLAN\"},\"image\":{\"@id\":\"https:\\\/\\\/ordylan.fr\\\/#\\\/schema\\\/logo\\\/image\\\/\"}}]}<\/script>\n<!-- \/ Yoast SEO plugin. -->","yoast_head_json":{"title":"MENTIONS L\u00c9GALES - ORDYLAN","robots":{"index":"noindex","follow":"follow"},"og_locale":"fr_FR","og_type":"article","og_title":"MENTIONS L\u00c9GALES - ORDYLAN","og_description":"\u00c9diteur du site PETITE Dylan (EI) ORDYLAN 3B Impasse route de Neuvelle 70190 NEUVELLE-LES-CROMARY ordylan.info@gmail.com 07 63 33 55 96 N\u00b0 SIRET : 929 696 219 R.C.S Vesoul H\u00e9bergement du site Hetzner Online GmbHIndustriestr. 2591710 GunzenhausenT\u00e9l. : +49 (0)9831 505-0 Administrateur du site PETITE Dylan (EI) ORDYLAN 3B Impasse route de Neuvelle 70190 NEUVELLE-LES-CROMARY Propri\u00e9t\u00e9 [&hellip;]","og_url":"https:\/\/ordylan.fr\/index.php\/mentions-legales\/","og_site_name":"ORDYLAN","article_modified_time":"2025-06-24T18:01:40+00:00","twitter_card":"summary_large_image","twitter_misc":{"Dur\u00e9e de lecture estim\u00e9e":"1 minute"},"schema":{"@context":"https:\/\/schema.org","@graph":[{"@type":"WebPage","@id":"https:\/\/ordylan.fr\/index.php\/mentions-legales\/","url":"https:\/\/ordylan.fr\/index.php\/mentions-legales\/","name":"MENTIONS L\u00c9GALES - ORDYLAN","isPartOf":{"@id":"https:\/\/ordylan.fr\/#website"},"datePublished":"2025-06-11T05:49:04+00:00","dateModified":"2025-06-24T18:01:40+00:00","breadcrumb":{"@id":"https:\/\/ordylan.fr\/index.php\/mentions-legales\/#breadcrumb"},"inLanguage":"fr-FR","potentialAction":[{"@type":"ReadAction","target":["https:\/\/ordylan.fr\/index.php\/mentions-legales\/"]}]},{"@type":"BreadcrumbList","@id":"https:\/\/ordylan.fr\/index.php\/mentions-legales\/#breadcrumb","itemListElement":[{"@type":"ListItem","position":1,"name":"Accueil","item":"https:\/\/ordylan.fr\/"},{"@type":"ListItem","position":2,"name":"MENTIONS L\u00c9GALES"}]},{"@type":"WebSite","@id":"https:\/\/ordylan.fr\/#website","url":"https:\/\/ordylan.fr\/","name":"ORDYLAN","description":"","publisher":{"@id":"https:\/\/ordylan.fr\/#organization"},"potentialAction":[{"@type":"SearchAction","target":{"@type":"EntryPoint","urlTemplate":"https:\/\/ordylan.fr\/?s={search_term_string}"},"query-input":{"@type":"PropertyValueSpecification","valueRequired":true,"valueName":"search_term_string"}}],"inLanguage":"fr-FR"},{"@type":"Organization","@id":"https:\/\/ordylan.fr\/#organization","name":"ORDYLAN","url":"https:\/\/ordylan.fr\/","logo":{"@type":"ImageObject","inLanguage":"fr-FR","@id":"https:\/\/ordylan.fr\/#\/schema\/logo\/image\/","url":"https:\/\/ordylan.fr\/wp-content\/uploads\/2025\/03\/logo-web.jpg","contentUrl":"https:\/\/ordylan.fr\/wp-content\/uploads\/2025\/03\/logo-web.jpg","width":500,"height":192,"caption":"ORDYLAN"},"image":{"@id":"https:\/\/ordylan.fr\/#\/schema\/logo\/image\/"}}]}},"_links":{"self":[{"href":"https:\/\/ordylan.fr\/index.php\/wp-json\/wp\/v2\/pages\/861","targetHints":{"allow":["GET"]}}],"collection":[{"href":"https:\/\/ordylan.fr\/index.php\/wp-json\/wp\/v2\/pages"}],"about":[{"href":"https:\/\/ordylan.fr\/index.php\/wp-json\/wp\/v2\/types\/page"}],"author":[{"embeddable":true,"href":"https:\/\/ordylan.fr\/index.php\/wp-json\/wp\/v2\/users\/1"}],"replies":[{"embeddable":true,"href":"https:\/\/ordylan.fr\/index.php\/wp-json\/wp\/v2\/comments?post=861"}],"version-history":[{"count":29,"href":"https:\/\/ordylan.fr\/index.php\/wp-json\/wp\/v2\/pages\/861\/revisions"}],"predecessor-version":[{"id":1494,"href":"https:\/\/ordylan.fr\/index.php\/wp-json\/wp\/v2\/pages\/861\/revisions\/1494"}],"wp:attachment":[{"href":"https:\/\/ordylan.fr\/index.php\/wp-json\/wp\/v2\/media?parent=861"}],"curies":[{"name":"wp","href":"https:\/\/api.w.org\/{rel}","templated":true}]}}